{"id":287,"date":"2024-07-29T18:16:46","date_gmt":"2024-07-29T16:16:46","guid":{"rendered":"https:\/\/imumcn.com\/?page_id=287"},"modified":"2024-07-30T13:58:56","modified_gmt":"2024-07-30T11:58:56","slug":"polska","status":"publish","type":"page","link":"https:\/\/imumcn.com\/index.php\/pl\/polska\/","title":{"rendered":"Polska"},"content":{"rendered":"\n<h2 class=\"wp-block-heading alignwide has-text-align-center\"><strong>Polska<\/strong><\/h2>\n\n\n\n<details class=\"wp-block-details alignwide is-style-default has-background is-layout-flow wp-block-details-is-layout-flow\" style=\"background-color:#77aced1c;font-size:clamp(0.984rem, 0.984rem + ((1vw - 0.2rem) * 0.86), 1.5rem);font-style:normal;font-weight:500\"><summary>O IMUMCN<\/summary>\n<hr class=\"wp-block-separator aligncenter has-alpha-channel-opacity is-style-wide\"\/>\n\n\n\n<p>O IMUMCN w skr\u00f3cie<\/p>\n\n\n\n<p class=\"has-medium-font-size\" style=\"font-style:normal;font-weight:400\">Wsp\u00f3\u0142czesne miasta zmagaj\u0105 si\u0119 z powa\u017cnymi korkami ulicznymi i emisjami, pot\u0119gowanymi przez post\u0119p technologiczny i zmieniaj\u0105ce si\u0119 nawyki pracy. Celem tego projektu jest zrozumienie i rozwi\u0105zanie tych wyzwa\u0144 poprzez zbadanie wp\u0142ywu na wybory lokalizacyjne obywateli i wzorce podr\u00f3\u017cy. Wykorzystuj\u0105c eksperymenty z \u017cycia wzi\u0119te i zaawansowane modelowanie transportu miejskiego, projekt bada zintegrowane rozwi\u0105zania Mobility as a Service (MaaS) i rynkowy handel osobistymi emisjami dwutlenku w\u0119gla w celu opracowania wydajnych, sprawiedliwych i bezemisyjnych system\u00f3w ruchu miejskiego. Celem jest osi\u0105gni\u0119cie dost\u0119pnych, neutralnych dla klimatu i zr\u00f3wnowa\u017conych miast w Chinach i UE poprzez integracj\u0119 wielu \u015brodk\u00f3w transportu.<\/p>\n\n\n\n<hr class=\"wp-block-separator has-alpha-channel-opacity is-style-wide\"\/>\n\n\n\n<p>O IMUMCN w Polsce<\/p>\n\n\n\n<div class=\"wp-block-columns is-layout-flex wp-container-core-columns-is-layout-f68a6ce4 wp-block-columns-is-layout-flex\" style=\"margin-top:0;margin-bottom:0;padding-top:var(--wp--preset--spacing--10);padding-right:0;padding-bottom:var(--wp--preset--spacing--10);padding-left:0\">\n<div class=\"wp-block-column is-vertically-aligned-center is-layout-flow wp-block-column-is-layout-flow\" style=\"flex-basis:15%\">\n<figure class=\"wp-block-image aligncenter size-full is-resized wp-duotone-unset-1\"><img loading=\"lazy\" decoding=\"async\" width=\"500\" height=\"500\" src=\"http:\/\/imumcn.com\/wp-content\/uploads\/2024\/07\/amu.jpg\" alt=\"\" class=\"wp-image-143\" style=\"width:117px;height:auto\" srcset=\"https:\/\/imumcn.com\/wp-content\/uploads\/2024\/07\/amu.jpg 500w, https:\/\/imumcn.com\/wp-content\/uploads\/2024\/07\/amu-300x300.jpg 300w, https:\/\/imumcn.com\/wp-content\/uploads\/2024\/07\/amu-150x150.jpg 150w\" sizes=\"auto, (max-width: 500px) 100vw, 500px\" \/><\/figure>\n<\/div>\n\n\n\n<div class=\"wp-block-column is-layout-flow wp-block-column-is-layout-flow\">\n<h2 class=\"wp-block-heading\" style=\"font-size:clamp(0.984rem, 0.984rem + ((1vw - 0.2rem) * 0.86), 1.5rem);\"><strong>Adam Mickiewicz University (AMU)<\/strong><\/h2>\n\n\n\n<p class=\"has-medium-font-size\" style=\"font-style:normal;font-weight:400\">O IMUMCN w PolscePolska kadra AMU jest liderem w dziedzinie socjologii transportu, analizy behawioralnej podr\u00f3\u017cy i rynku w\u0119gla. Odpowiada za WP5 w opracowaniu osobistego systemu handlu emisjami opartego na MaaS.<\/p>\n<\/div>\n<\/div>\n\n\n\n<hr class=\"wp-block-separator has-alpha-channel-opacity is-style-wide\"\/>\n<\/details>\n\n\n\n<details class=\"wp-block-details alignwide is-style-default has-background is-layout-flow wp-block-details-is-layout-flow\" style=\"background-color:#77aced1c;font-size:clamp(0.984rem, 0.984rem + ((1vw - 0.2rem) * 0.86), 1.5rem);font-style:normal;font-weight:500\"><summary>Cele badawcze \/ Pytania badawcze<\/summary>\n<hr class=\"wp-block-separator aligncenter has-alpha-channel-opacity is-style-wide\"\/>\n\n\n\n<ol style=\"padding-right:var(--wp--preset--spacing--30);padding-left:var(--wp--preset--spacing--30);font-style:normal;font-weight:400\" class=\"wp-block-list has-medium-font-size\">\n<li style=\"padding-top:0;padding-bottom:var(--wp--preset--spacing--10)\"><strong>Jak dostosowa\u0107 si\u0119 do zmian spo\u0142ecznych?<\/strong>\n<ul class=\"wp-block-list\">\n<li style=\"padding-top:0;padding-bottom:0\">Zrozumie\u0107 czas pracy i wybory lokalizacji mieszka\u0144c\u00f3w, a tak\u017ce zwi\u0105zane z tym zachowania podr\u00f3\u017cne, bior\u0105c pod uwag\u0119 zmieniaj\u0105ce si\u0119 nawyki pracy w kontek\u015bcie chi\u0144skim i europejskim.<\/li>\n<\/ul>\n<\/li>\n\n\n\n<li style=\"padding-bottom:var(--wp--preset--spacing--10)\"><strong>Jak wykorzysta\u0107 nowe technologie transportu miejskiego?<\/strong>\n<ul class=\"wp-block-list\">\n<li>Zbadaj wydajno\u015b\u0107 i r\u00f3wno\u015b\u0107 nowych us\u0142ug transportowych oraz ich rol\u0119 w wyborze czasu pracy i lokalizacji mieszka\u0144c\u00f3w.<\/li>\n<\/ul>\n<\/li>\n\n\n\n<li style=\"padding-bottom:var(--wp--preset--spacing--10)\"><strong>Jak zmieniaj\u0105 si\u0119 emisje ruchu drogowego?<\/strong>\n<ul class=\"wp-block-list\">\n<li>Opracuj ramy rozliczania emisji w czasie niemal rzeczywistym dla transportu mieszka\u0144c\u00f3w i oszacuj emisje ruchu drogowego zwi\u0105zane ze zmieniaj\u0105cymi si\u0119 nawykami pracy i nowymi us\u0142ugami transportowymi.<\/li>\n<\/ul>\n<\/li>\n\n\n\n<li style=\"padding-bottom:var(--wp--preset--spacing--10)\"><strong>Jak zapewni\u0107 osobiste rozwi\u0105zania Mobilno\u015bci jako Us\u0142ugi (MaaS)?<\/strong>\n<ul class=\"wp-block-list\">\n<li>Opracuj i przetestuj oparty na Mobilno\u015bci jako Us\u0142udze (MaaS) osobisty system handlu emisjami dwutlenku w\u0119gla dla mobilno\u015bci miejskiej w celu zmniejszenia kork\u00f3w i emisji.<\/li>\n<\/ul>\n<\/li>\n\n\n\n<li><strong>Jak osi\u0105gn\u0105\u0107 wydajny i zr\u00f3wnowa\u017cony wielomodowy system ruchu miejskiego?<\/strong>\n<ul class=\"wp-block-list\">\n<li>Zaprojektuj wydajny i neutralny dla klimatu wielomodowy system ruchu miejskiego, bior\u0105c pod uwag\u0119 nowe us\u0142ugi transportowe i nawyki pracy.<\/li>\n<\/ul>\n<\/li>\n<\/ol>\n\n\n\n<hr class=\"wp-block-separator has-alpha-channel-opacity is-style-wide\"\/>\n<\/details>\n\n\n\n<details class=\"wp-block-details alignwide is-style-default has-background is-layout-flow wp-block-details-is-layout-flow\" style=\"background-color:#77aced1c;font-size:clamp(0.984rem, 0.984rem + ((1vw - 0.2rem) * 0.86), 1.5rem);font-style:normal;font-weight:500\"><summary>O dru\u017cynie lokalnej<\/summary>\n<h2 class=\"wp-block-heading has-text-color has-link-color wp-elements-4dc9315a34b8336912daba2d2bf02cac\" style=\"color:#5f8dc4;font-size:clamp(0.984rem, 0.984rem + ((1vw - 0.2rem) * 0.86), 1.5rem);font-style:normal;font-weight:600\"><strong>Adam Mickiewicz University (AMU)<\/strong><\/h2>\n\n\n\n<div class=\"wp-block-columns is-layout-flex wp-container-core-columns-is-layout-28f84493 wp-block-columns-is-layout-flex\">\n<div class=\"wp-block-column is-layout-flow wp-block-column-is-layout-flow\" style=\"flex-basis:99%\">\n<div class=\"wp-block-columns is-layout-flex wp-container-core-columns-is-layout-28f84493 wp-block-columns-is-layout-flex\">\n<div class=\"wp-block-column is-layout-flow wp-block-column-is-layout-flow\">\n<div class=\"wp-block-media-text is-stacked-on-mobile\" style=\"grid-template-columns:15% auto\"><figure class=\"wp-block-media-text__media\"><a href=\"https:\/\/researchcentre.amu.edu.pl\/team\/aleksandra-lis-plesinska\/\" target=\"_blank\" rel=\"noreferrer noopener\"><img loading=\"lazy\" decoding=\"async\" width=\"507\" height=\"581\" src=\"http:\/\/imumcn.com\/wp-content\/uploads\/2024\/07\/aleksandra-1-e1722263451597.jpg\" alt=\"\" class=\"wp-image-277 size-full\" srcset=\"https:\/\/imumcn.com\/wp-content\/uploads\/2024\/07\/aleksandra-1-e1722263451597.jpg 507w, https:\/\/imumcn.com\/wp-content\/uploads\/2024\/07\/aleksandra-1-e1722263451597-262x300.jpg 262w\" sizes=\"auto, (max-width: 507px) 100vw, 507px\" \/><\/a><\/figure><div class=\"wp-block-media-text__content\">\n<h1 class=\"wp-block-heading\" style=\"font-size:clamp(0.984rem, 0.984rem + ((1vw - 0.2rem) * 0.86), 1.5rem);font-style:normal;font-weight:600\">Aleksandra Lis-Plesi\u0144ska<\/h1>\n\n\n\n<div class=\"wp-block-group is-nowrap is-layout-flex wp-container-core-group-is-layout-6c531013 wp-block-group-is-layout-flex\">\n<p class=\"has-medium-font-size\" style=\"font-style:normal;font-weight:400\">Aleksandra Lis-Plesi\u0144ska jest profesorem nadzwyczajnym antropologii spo\u0142ecznej na Uniwersytecie Adama Mickiewicza w Poznaniu (UAM), Polska. Aleksandra uzyska\u0142a stopie\u0144 doktora na Uniwersytecie \u015arodkowoeuropejskim w Budapeszcie w 2013 r., pisz\u0105c rozpraw\u0119 na temat polityki rynk\u00f3w w\u0119glowych w Unii Europejskiej. Aleksandra pracowa\u0142a nad spo\u0142eczno-technicznymi transformacjami system\u00f3w energetycznych i transportowych, publicznym postrzeganiem ryzyka technologicznego oraz powi\u0105zaniami nauki z polityk\u0105 w polityce energetycznej i klimatycznej. Kierownik wielu projekt\u00f3w naukowych, by\u0142a stypendystk\u0105 Fulbright Senior Scholar w Centrum Nauki, Technologii, Medycyny i Spo\u0142ecze\u0144stwa UC Berkeley oraz pracownikiem naukowym w wielu europejskich i ameryka\u0144skich instytucjach badawczych.<\/p>\n<\/div>\n<\/div><\/div>\n<\/div>\n<\/div>\n<\/div>\n\n\n\n<div class=\"wp-block-column is-vertically-aligned-center has-global-padding is-content-justification-left is-layout-constrained wp-container-core-column-is-layout-c0392459 wp-block-column-is-layout-constrained\" style=\"padding-right:0;padding-left:0;flex-basis:10%\">\n<figure class=\"wp-block-image alignleft size-full is-resized is-style-default\"><a href=\"https:\/\/researchcentre.amu.edu.pl\/team\/aleksandra-lis-plesinska\/\" target=\"_blank\" rel=\"noreferrer noopener\"><img loading=\"lazy\" decoding=\"async\" width=\"512\" height=\"512\" src=\"https:\/\/imumcn.com\/wp-content\/uploads\/2024\/07\/forward.png\" alt=\"\" class=\"wp-image-259\" style=\"aspect-ratio:1;object-fit:cover;width:30px\" srcset=\"https:\/\/imumcn.com\/wp-content\/uploads\/2024\/07\/forward.png 512w, https:\/\/imumcn.com\/wp-content\/uploads\/2024\/07\/forward-300x300.png 300w, https:\/\/imumcn.com\/wp-content\/uploads\/2024\/07\/forward-150x150.png 150w\" sizes=\"auto, (max-width: 512px) 100vw, 512px\" \/><\/a><\/figure>\n<\/div>\n<\/div>\n\n\n\n<hr class=\"wp-block-separator has-alpha-channel-opacity is-style-wide\"\/>\n\n\n\n<div class=\"wp-block-columns is-layout-flex wp-container-core-columns-is-layout-28f84493 wp-block-columns-is-layout-flex\">\n<div class=\"wp-block-column is-layout-flow wp-block-column-is-layout-flow\" style=\"flex-basis:90%\">\n<div class=\"wp-block-columns is-layout-flex wp-container-core-columns-is-layout-28f84493 wp-block-columns-is-layout-flex\">\n<div class=\"wp-block-column is-layout-flow wp-block-column-is-layout-flow\">\n<div class=\"wp-block-media-text is-stacked-on-mobile\" style=\"grid-template-columns:15% auto\"><figure class=\"wp-block-media-text__media\"><a href=\"https:\/\/wnpid.amu.edu.pl\/pracownicy\/pracownicy-wydzialu\/zaklad-bezpieczenstwa-i-obronnosci\/rafal-szymanowski\" target=\"_blank\" rel=\"noreferrer noopener\"><img loading=\"lazy\" decoding=\"async\" width=\"128\" height=\"160\" src=\"https:\/\/imumcn.com\/wp-content\/uploads\/2024\/07\/rafal_szymanowski.jpg\" alt=\"\" class=\"wp-image-301 size-full\"\/><\/a><\/figure><div class=\"wp-block-media-text__content\">\n<h1 class=\"wp-block-heading\" style=\"font-size:clamp(0.984rem, 0.984rem + ((1vw - 0.2rem) * 0.86), 1.5rem);font-style:normal;font-weight:600\">Rafa\u0142 Szymanowski<\/h1>\n\n\n\n<div class=\"wp-block-group is-nowrap is-layout-flex wp-container-core-group-is-layout-6c531013 wp-block-group-is-layout-flex\">\n<p class=\"has-medium-font-size\" style=\"font-style:normal;font-weight:400\">Adiunkt na Wydziale Nauk Politycznych i Dziennikarstwa Uniwersytetu im. Adama Mickiewicza (UAM) w Poznaniu. Studiowa\u0142 stosunki mi\u0119dzynarodowe i ekonomi\u0119 mi\u0119dzynarodow\u0105 w Polsce (UAM) oraz w Berlinie (HWR). Jego badania koncentruj\u0105 si\u0119 na mi\u0119dzynarodowej ekonomii politycznej i polityce gospodarczej. Interesuje si\u0119 m.in. integracj\u0105 gospodarcz\u0105, ekonomi\u0105 polityczn\u0105 kryzys\u00f3w gospodarczych oraz rol\u0105 idei i kultur ekonomicznych w kszta\u0142towaniu polityki. W ITEM skupi si\u0119 na tym, jak polityka mobilno\u015bci elektrycznej mo\u017ce sta\u0107 si\u0119 bardziej partycypacyjna i w\u0142\u0105czaj\u0105ca.<\/p>\n<\/div>\n<\/div><\/div>\n<\/div>\n<\/div>\n<\/div>\n\n\n\n<div class=\"wp-block-column is-vertically-aligned-center is-layout-flow wp-block-column-is-layout-flow\" style=\"flex-basis:10%\">\n<figure class=\"wp-block-image alignleft size-full is-resized\"><a href=\"https:\/\/wnpid.amu.edu.pl\/pracownicy\/pracownicy-wydzialu\/zaklad-bezpieczenstwa-i-obronnosci\/rafal-szymanowski\" target=\"_blank\" rel=\"noreferrer noopener\"><img loading=\"lazy\" decoding=\"async\" width=\"512\" height=\"512\" src=\"https:\/\/imumcn.com\/wp-content\/uploads\/2024\/07\/forward-1.png\" alt=\"\" class=\"wp-image-266\" style=\"aspect-ratio:1;object-fit:cover;width:30px\" srcset=\"https:\/\/imumcn.com\/wp-content\/uploads\/2024\/07\/forward-1.png 512w, https:\/\/imumcn.com\/wp-content\/uploads\/2024\/07\/forward-1-300x300.png 300w, https:\/\/imumcn.com\/wp-content\/uploads\/2024\/07\/forward-1-150x150.png 150w\" sizes=\"auto, (max-width: 512px) 100vw, 512px\" \/><\/a><\/figure>\n<\/div>\n<\/div>\n\n\n\n<hr class=\"wp-block-separator has-alpha-channel-opacity is-style-wide\"\/>\n\n\n\n<div class=\"wp-block-columns is-layout-flex wp-container-core-columns-is-layout-28f84493 wp-block-columns-is-layout-flex\">\n<div class=\"wp-block-column is-layout-flow wp-block-column-is-layout-flow\" style=\"flex-basis:90%\">\n<div class=\"wp-block-columns is-layout-flex wp-container-core-columns-is-layout-28f84493 wp-block-columns-is-layout-flex\">\n<div class=\"wp-block-column is-layout-flow wp-block-column-is-layout-flow\">\n<div class=\"wp-block-media-text is-stacked-on-mobile\" style=\"grid-template-columns:15% auto\"><figure class=\"wp-block-media-text__media\"><a href=\"https:\/\/researchcentre.amu.edu.pl\/team\/marek-w-jaskolski\/\" target=\"_blank\" rel=\"noreferrer noopener\"><img loading=\"lazy\" decoding=\"async\" width=\"128\" height=\"160\" src=\"https:\/\/imumcn.com\/wp-content\/uploads\/2024\/07\/marek_jaskolski.jpg\" alt=\"\" class=\"wp-image-302 size-full\"\/><\/a><\/figure><div class=\"wp-block-media-text__content\">\n<h1 class=\"wp-block-heading\" style=\"font-size:clamp(0.984rem, 0.984rem + ((1vw - 0.2rem) * 0.86), 1.5rem);font-style:normal;font-weight:600\">Marek Jask\u00f3lski<\/h1>\n\n\n\n<div class=\"wp-block-group is-nowrap is-layout-flex wp-container-core-group-is-layout-6c531013 wp-block-group-is-layout-flex\">\n<p class=\"has-medium-font-size\" style=\"font-style:normal;font-weight:400\">Doktor nauk o Ziemi i \u015brodowisku oraz praktyk w dziedzinie urbanistyki. Prowadzi badania maj\u0105ce na celu zrozumienie wieloaspektowych zmian zachodz\u0105cych w \u015brodowisku w kontek\u015bcie ocieplenia klimatu i zagro\u017ce\u0144 cywilizacyjnych. Wierzy w potrzeb\u0119 holistycznego i interdyscyplinarnego podej\u015bcia do wsp\u00f3\u0142czesnych problem\u00f3w naukowych. W swoich badaniach wykorzystuje metody z pogranicza nauk o Ziemi oraz geografii spo\u0142eczno-ekonomicznej i gospodarki przestrzennej. W ramach projektu ITEM odbywa sta\u017c podoktorski na Uniwersytecie im. Adama Mickiewicza w Poznaniu.<\/p>\n<\/div>\n<\/div><\/div>\n<\/div>\n<\/div>\n<\/div>\n\n\n\n<div class=\"wp-block-column is-vertically-aligned-center is-layout-flow wp-block-column-is-layout-flow\" style=\"flex-basis:10%\">\n<figure class=\"wp-block-image alignleft size-full is-resized\"><a href=\"https:\/\/researchcentre.amu.edu.pl\/team\/marek-w-jaskolski\/\" target=\"_blank\" rel=\"noreferrer noopener\"><img loading=\"lazy\" decoding=\"async\" width=\"512\" height=\"512\" src=\"https:\/\/imumcn.com\/wp-content\/uploads\/2024\/07\/forward-1.png\" alt=\"\" class=\"wp-image-266\" style=\"aspect-ratio:1;object-fit:cover;width:30px\" srcset=\"https:\/\/imumcn.com\/wp-content\/uploads\/2024\/07\/forward-1.png 512w, https:\/\/imumcn.com\/wp-content\/uploads\/2024\/07\/forward-1-300x300.png 300w, https:\/\/imumcn.com\/wp-content\/uploads\/2024\/07\/forward-1-150x150.png 150w\" sizes=\"auto, (max-width: 512px) 100vw, 512px\" \/><\/a><\/figure>\n<\/div>\n<\/div>\n\n\n\n<hr class=\"wp-block-separator has-alpha-channel-opacity is-style-wide\"\/>\n<\/details>\n","protected":false},"excerpt":{"rendered":"<p>Polska<\/p>\n","protected":false},"author":1,"featured_media":0,"parent":0,"menu_order":0,"comment_status":"closed","ping_status":"closed","template":"","meta":{"footnotes":""},"class_list":["post-287","page","type-page","status-publish","hentry"],"_links":{"self":[{"href":"https:\/\/imumcn.com\/index.php\/wp-json\/wp\/v2\/pages\/287","targetHints":{"allow":["GET"]}}],"collection":[{"href":"https:\/\/imumcn.com\/index.php\/wp-json\/wp\/v2\/pages"}],"about":[{"href":"https:\/\/imumcn.com\/index.php\/wp-json\/wp\/v2\/types\/page"}],"author":[{"embeddable":true,"href":"https:\/\/imumcn.com\/index.php\/wp-json\/wp\/v2\/users\/1"}],"replies":[{"embeddable":true,"href":"https:\/\/imumcn.com\/index.php\/wp-json\/wp\/v2\/comments?post=287"}],"version-history":[{"count":5,"href":"https:\/\/imumcn.com\/index.php\/wp-json\/wp\/v2\/pages\/287\/revisions"}],"predecessor-version":[{"id":303,"href":"https:\/\/imumcn.com\/index.php\/wp-json\/wp\/v2\/pages\/287\/revisions\/303"}],"wp:attachment":[{"href":"https:\/\/imumcn.com\/index.php\/wp-json\/wp\/v2\/media?parent=287"}],"curies":[{"name":"wp","href":"https:\/\/api.w.org\/{rel}","templated":true}]}}